{"id":6,"date":"2016-09-21T19:13:52","date_gmt":"2016-09-21T17:13:52","guid":{"rendered":"http:\/\/cyrillestruy.com\/?page_id=6"},"modified":"2022-01-31T18:03:14","modified_gmt":"2022-01-31T17:03:14","slug":"cyrille-struy-demenageur-demenagement-visa-chine-visa-inde-visa-vietnam-visa-russie-croisiere-safari-afrique-garde-meubles","status":"publish","type":"page","link":"http:\/\/cyrillestruy.com\/","title":{"rendered":"Cyrille Struy"},"content":{"rendered":"<header class=\"entry-header\">\n<h1 class=\"entry-title\">Cyrille Struy<\/h1>\n<\/header>\n<div class=\"entry-content\">\n<p>1) Cyrille Struy Michel Maurice est une antreprise qui a \u00e9t\u00e9 fond\u00e9e en 1999. Elle ent\u00e9rine donc une anciennet\u00e9 de 17 ans. Elle se trouve dans le d\u00e9partement de la Somme \u00e0 Saleux. Cette soci\u00e9t\u00e9 se distingue dans le secteurs d\u2019activit\u00e9 de la <a href=\"https:\/\/www.esa-ipa.com\/\">cr\u00e9ation artistiques<\/a> et plus pr\u00e9cis\u00e9ment des arts plastiques. Cette entreprise met \u00e0 la disposition des personnes int\u00e9ress\u00e9e des professeurs d\u2019arts plastiques. Ces derniers enseignent \u00e0 leurs \u00e9l\u00e8ves les diff\u00e9rentes techniques de cr\u00e9ation en art plastique et de dessin : la nature morte, la perspective, les aquarelles, le fusain, le crayon \u00e0 papier, la gouache\u2026 De nombreux artistes peintres seront \u00e9voqu\u00e9s. Des expositions seront organis\u00e9es afin de pr\u00e9senter les oeuvres des \u00e9l\u00e8ves \u00e0 leurs proches. Des classes seront cr\u00e9es selon les tranches d\u2019\u00e2ge des \u00e9l\u00e8ves. Les professeurs sont des artistes confirm\u00e9s, des professionnels des arts plastiques. Il s\u2019agit d\u2019un endroit o\u00f9 se r\u00e9unissent des personnes souhaitant cr\u00e9er, sortir de leur quotidien, s\u2019\u00e9vader. Cyrille struy est une entreprise mettant \u00e0 la disposition de tous un lieu de partage autour de la cr\u00e9ation artistique.<img loading=\"lazy\" class=\"alignright size-medium wp-image-13\" src=\"http:\/\/cyrillestruy.com\/wp-content\/uploads\/2016\/09\/8-1.jpeg-300x150.jpg\" alt=\"8-1.jpeg\" width=\"300\" height=\"150\" srcset=\"http:\/\/cyrillestruy.com\/wp-content\/uploads\/2016\/09\/8-1.jpeg-300x150.jpg 300w, http:\/\/cyrillestruy.com\/wp-content\/uploads\/2016\/09\/8-1.jpeg.jpg 318w\" sizes=\"(max-width: 300px) 100vw, 300px\" \/><\/p>\n<p>2) Etre d\u00e9m\u00e9nageur\u00a0demenageur.com est un r\u00e9el m\u00e9tier qui n\u00e9cessite d\u2019\u00eatre pourvu de nombreuses qualit\u00e9s dont un esprit logique, une certaine d\u00e9licatesse et bien s\u00fbr une forme physique non n\u00e9gligeable. En effet, organiser un d\u00e9m\u00e9nagement\u00a0n\u2019est pas une t\u00e2che facile. Les entreprises de d\u00e9m\u00e9nagement proposent diff\u00e9rentes formules allant de l\u2019organisation partielle \u00e0 totale du d\u00e9m\u00e9nagement. Dans le premier cas, il est propos\u00e9 seulement de mettre les cartons et meubles dans l\u2019utilitaire des d\u00e9m\u00e9nageurs et de les amener aux nouveau locaux ou au nouveau logement. Dans le second cas, les d\u00e9m\u00e9nageurs vont jusqu\u2019\u00e0 emballer les objets des particuliers ou entreprises qui d\u00e9m\u00e9nagent, \u00e0 d\u00e9monter les meubles mais \u00e9galement \u00e0 les remonter dans les nouveaux locaux ou le nouveau logement. L\u2019entreprise\u00a0est une entreprise parmi d\u2019autres qui se distingue par son professionnalisme mais \u00e9galement par le fait qu\u2019elle organise des d\u00e9m\u00e9nagements sur tout le territoire fran\u00e7ais ainsi qu\u2019\u00e0 l\u2019international. Il est indispensable de comparer les devis d\u00e9m\u00e9nagement des diff\u00e9rentes entreprises avant de s\u2019arr\u00eater sur une soci\u00e9t\u00e9 plut\u00f4t que sur une autre. Enfin, n\u2019h\u00e9sitez pas \u00e0 louer un garde meuble\u00a0pour stocker vos meubles en transfert.<\/p>\n<p>3)Assurance vie\u00a0permet \u00e0 un souscripteur de placer de l\u2019argent sur un compte dot\u00e9 de taux relativement int\u00e9ressants pour son propre b\u00e9n\u00e9fice ou pour le compte de b\u00e9n\u00e9ficiaires. Dans le deuxi\u00e8me cas, le ou les b\u00e9n\u00e9ficiaires recevront le capital ou la rente plac\u00e9 au d\u00e9c\u00e8s du souscripteur. Il s\u2019agit l\u00e0 de l\u2019assurance vie en cas de d\u00e9c\u00e8s qui est une garantie pour les personnes proches de la personne d\u00e9c\u00e9d\u00e9e. Dans le premier cas, on parlera d\u2019assurance de vie en cas de vie ce qui ressemble d\u2019avantage \u00e0 un placement de capital ou de rente.<\/p>\n<p>4) Entrer sur le territoire d\u2019un pays n\u00e9cessite d\u2019en avoir l\u2019autorisation. Cette autorisation se donne par le consulat des pays. En fonction qu\u2019il s\u2019agisse d\u2019un visa pour court s\u00e9jour, pour long s\u00e9jour, d\u2019un visa transfert ou d\u2019un visa travail, les d\u00e9lais et conditions d\u2019obtention diff\u00e8rent. D\u2019autre part, selon qu\u2019il s\u2019agisse d\u2019un visa chine, visa russie , visa inde , visa vietnam les pi\u00e8ces justificatives et les d\u00e9lais seront diff\u00e9rents. Il convient de se rapprocher du consulat du pays dans lequel vous souhaitez partir pour vous renseigner exactement sur les conditions qu\u2019il convient de remplir pour obtenir ce fameux visa qui sera appos\u00e9 au passeport sous la forme d\u2019une vignette ou d\u2019un tampon.<\/p>\n<p>5) La croisi\u00e8re\u00a0est un type de vacances tout \u00e0 fait original qui fait de plus en plus d\u2019adeptes. De tr\u00e8s nombreuses compagnies de croisi\u00e8re proposent diff\u00e9rents types de croisi\u00e8re proposant des destinations diff\u00e9rentes aux quatre coins du globe, un nombre plus ou moins important d\u2019escale, un bateau plus ou moins haut de gamme proposant diverses animations, \u00e9quipements de loisir, de divertissement et de bien-\u00eatre ( restaurants, bars, spas, casinos, salles de spectacle\u2026). Les croisi\u00e8res offrent la possibilit\u00e9 de rencontrer de nombreuses personnes, de d\u00e9couvrir de nouveaux pays et de jouir d\u2019un confort certain. Chaque croisi\u00e8re s\u2019adapte aux diff\u00e9rents budgets afin de permettre \u00e0 tous de pouvoir partir dans ce club de vacances sur l\u2019eau.<\/p>\n<\/div>\n","protected":false},"excerpt":{"rendered":"<p>Cyrille Struy 1) Cyrille Struy Michel Maurice est une antreprise qui a \u00e9t\u00e9 fond\u00e9e en 1999. Elle ent\u00e9rine donc une anciennet\u00e9 de 17 ans. Elle se trouve dans le d\u00e9partement de la Somme \u00e0 Saleux. Cette soci\u00e9t\u00e9 se distingue dans le secteurs d\u2019activit\u00e9 de la cr\u00e9ation artistiques et plus pr\u00e9cis\u00e9ment des arts plastiques. Cette entreprise [&hellip;]<\/p>\n","protected":false},"author":1,"featured_media":0,"parent":0,"menu_order":0,"comment_status":"closed","ping_status":"closed","template":"","meta":[],"_links":{"self":[{"href":"http:\/\/cyrillestruy.com\/index.php\/wp-json\/wp\/v2\/pages\/6"}],"collection":[{"href":"http:\/\/cyrillestruy.com\/index.php\/wp-json\/wp\/v2\/pages"}],"about":[{"href":"http:\/\/cyrillestruy.com\/index.php\/wp-json\/wp\/v2\/types\/page"}],"author":[{"embeddable":true,"href":"http:\/\/cyrillestruy.com\/index.php\/wp-json\/wp\/v2\/users\/1"}],"replies":[{"embeddable":true,"href":"http:\/\/cyrillestruy.com\/index.php\/wp-json\/wp\/v2\/comments?post=6"}],"version-history":[{"count":9,"href":"http:\/\/cyrillestruy.com\/index.php\/wp-json\/wp\/v2\/pages\/6\/revisions"}],"predecessor-version":[{"id":21,"href":"http:\/\/cyrillestruy.com\/index.php\/wp-json\/wp\/v2\/pages\/6\/revisions\/21"}],"wp:attachment":[{"href":"http:\/\/cyrillestruy.com\/index.php\/wp-json\/wp\/v2\/media?parent=6"}],"curies":[{"name":"wp","href":"https:\/\/api.w.org\/{rel}","templated":true}]}}